{"id":280,"date":"2023-05-14T20:17:45","date_gmt":"2023-05-14T19:17:45","guid":{"rendered":"https:\/\/ark-nordic.com\/?page_id=280"},"modified":"2026-04-20T15:50:31","modified_gmt":"2026-04-20T14:50:31","slug":"consulting-services","status":"publish","type":"page","link":"https:\/\/ark-nordic.com\/no\/consulting-services\/","title":{"rendered":"Konsulenttjenster"},"content":{"rendered":"<p>[et_pb_section fb_built=&#8221;1&#8243; admin_label=&#8221;Header&#8221; _builder_version=&#8221;4.27.6&#8243; _module_preset=&#8221;default&#8221; use_background_color_gradient=&#8221;on&#8221; background_color_gradient_stops=&#8221;gcid-9fa4a1b6-767d-41ca-984c-a6f10449c843 0%|rgba(135,135,135,0.79) 0%|rgba(20,20,28,0.94) 100%&#8221; background_color_gradient_overlays_image=&#8221;on&#8221; background_image=&#8221;https:\/\/ark-nordic.com\/wp-content\/uploads\/2023\/05\/john-schnobrich-FlPc9_VocJ4-unsplash-scaled.jpg&#8221; locked=&#8221;off&#8221; collapsed=&#8221;on&#8221; global_colors_info=&#8221;{%22gcid-9fa4a1b6-767d-41ca-984c-a6f10449c843%22:%91%22background_color_gradient_stops%22%93}&#8221;][et_pb_row _builder_version=&#8221;4.20.0&#8243; _module_preset=&#8221;default&#8221; global_colors_info=&#8221;{}&#8221;][et_pb_column type=&#8221;4_4&#8243; _builder_version=&#8221;4.20.0&#8243; _module_preset=&#8221;default&#8221; global_colors_info=&#8221;{}&#8221;][et_pb_text _builder_version=&#8221;4.27.6&#8243; _module_preset=&#8221;814cb6f8-4732-4087-aca9-ae4fc0f76ffa&#8221; header_4_font=&#8221;ARK-font|700|||||||&#8221; header_4_text_color=&#8221;#FFFFFF&#8221; header_4_font_size=&#8221;16px&#8221; text_orientation=&#8221;center&#8221; custom_margin=&#8221;||10px||false|false&#8221; hover_enabled=&#8221;0&#8243; global_colors_info=&#8221;{}&#8221; sticky_enabled=&#8221;0&#8243;]<\/p>\n<div class=\"et_pb_module et_pb_text et_pb_text_0  et_pb_text_align_center et_pb_bg_layout_light\">\n<div class=\"et_pb_text_inner\">\n<h4>ARK &#8211; Nordic<\/h4>\n<\/div>\n<\/div>\n<p>[\/et_pb_text][et_pb_image src=&#8221;https:\/\/ark-nordic.com\/wp-content\/uploads\/2023\/04\/attorney-1.png&#8221; title_text=&#8221;attorney-1&#8243; _builder_version=&#8221;4.21.0&#8243; _module_preset=&#8221;default&#8221; max_width=&#8221;130px&#8221; module_alignment=&#8221;center&#8221; global_colors_info=&#8221;{}&#8221;][\/et_pb_image][et_pb_text _builder_version=&#8221;4.27.6&#8243; _module_preset=&#8221;f0b0cbde-653e-42c4-aaaa-e208aa76e146&#8243; header_font=&#8221;ARK-font1|||on|||||&#8221; header_text_color=&#8221;#FFFFFF&#8221; header_font_size=&#8221;65px&#8221; text_orientation=&#8221;center&#8221; global_colors_info=&#8221;{}&#8221;]<\/p>\n<div class=\"et_pb_module et_pb_text et_pb_text_1  et_pb_text_align_center et_pb_bg_layout_light\">\n<div class=\"et_pb_text_inner\">\n<h1>Konsulenttjenster<\/h1>\n<\/div>\n<\/div>\n<p>[\/et_pb_text][\/et_pb_column][\/et_pb_row][\/et_pb_section][et_pb_section fb_built=&#8221;1&#8243; admin_label=&#8221;Testimonials&#8221; _builder_version=&#8221;4.21.0&#8243; _module_preset=&#8221;default&#8221; background_color=&#8221;gcid-9fa4a1b6-767d-41ca-984c-a6f10449c843&#8243; collapsed=&#8221;on&#8221; global_colors_info=&#8221;{%22gcid-9fa4a1b6-767d-41ca-984c-a6f10449c843%22:%91%22background_color%22%93}&#8221;][et_pb_row column_structure=&#8221;1_2,1_2&#8243; _builder_version=&#8221;4.21.0&#8243; _module_preset=&#8221;default&#8221; global_colors_info=&#8221;{}&#8221;][et_pb_column type=&#8221;1_2&#8243; _builder_version=&#8221;4.21.0&#8243; _module_preset=&#8221;default&#8221; global_colors_info=&#8221;{}&#8221;][et_pb_image src=&#8221;https:\/\/ark-nordic.com\/wp-content\/uploads\/2026\/03\/entrepreneur-g2c9200832_1920.jpg&#8221; title_text=&#8221;entrepreneur-g2c9200832_1920&#8243; _builder_version=&#8221;4.27.6&#8243; _module_preset=&#8221;default&#8221; animation_style=&#8221;fade&#8221; global_colors_info=&#8221;{}&#8221;][\/et_pb_image][\/et_pb_column][et_pb_column type=&#8221;1_2&#8243; _builder_version=&#8221;4.21.0&#8243; _module_preset=&#8221;default&#8221; global_colors_info=&#8221;{}&#8221;][et_pb_text _builder_version=&#8221;4.27.6&#8243; _module_preset=&#8221;default&#8221; text_font=&#8221;ARK-font||||||||&#8221; text_text_color=&#8221;#000000&#8243; text_font_size=&#8221;17px&#8221; animation_style=&#8221;fade&#8221; global_colors_info=&#8221;{}&#8221;]<\/p>\n<div>\n<div>\n<div>\n<p style=\"text-align: justify;\">Vi er herved klare til \u00e5 dele med deg flere \u00e5rs erfaring vi har innen implementering av telekommunikasjons- og kraftteknikk. Det finnes ikke et eneste selskap som besitter den n\u00f8dvendige kunnskapen og erfaringen for en konstant vekst og gjennomf\u00f8ring av krevende prosjekter, og det er alltid rom for samarbeid.<\/p>\n<p style=\"text-align: justify;\">Vi har opparbeidet v\u00e5r erfaring b\u00e5de p\u00e5 hjemme- og utenlandskmarkedet, vi har v\u00e6rt involvert i store tverrfaglige prosjekter i landet, samarbeidet med b\u00e5de sm\u00e5 og store bedrifter. M\u00e5ten \u00e5 snu svakheter til verdier er kjent for oss, samt hvordan vi kan optimalisere kostnader og \u00f8ke inntektene, vi er utstyrt med kunnskap om hvordan vi kan forbedre organisasjon og prosesser, samt reparere og forbedre forhold med partnere, og hvordan prosjekter styres.<\/p>\n<p style=\"text-align: justify;\">Vi vil ogs\u00e5 gjerne l\u00e6re noe nytt av deg.<\/p>\n<\/div>\n<\/div>\n<\/div>\n<p>[\/et_pb_text][\/et_pb_column][\/et_pb_row][et_pb_row _builder_version=&#8221;4.21.0&#8243; _module_preset=&#8221;default&#8221; global_colors_info=&#8221;{}&#8221;][et_pb_column type=&#8221;4_4&#8243; _builder_version=&#8221;4.21.0&#8243; _module_preset=&#8221;default&#8221; global_colors_info=&#8221;{}&#8221;][dsm_text_divider header=&#8221;What we can do for you:&#8221; color=&#8221;#0C71C3&#8243; divider_weight=&#8221;2px&#8221; _builder_version=&#8221;4.27.6&#8243; _module_preset=&#8221;default&#8221; header_font=&#8221;ARK-font1||||||||&#8221; animation_style=&#8221;fold&#8221; global_colors_info=&#8221;{}&#8221;][\/dsm_text_divider][\/et_pb_column][\/et_pb_row][et_pb_row column_structure=&#8221;1_2,1_2&#8243; _builder_version=&#8221;4.21.0&#8243; _module_preset=&#8221;default&#8221; custom_margin=&#8221;0px||||false|false&#8221; custom_padding=&#8221;0px||||false|false&#8221; global_colors_info=&#8221;{}&#8221;][et_pb_column type=&#8221;1_2&#8243; _builder_version=&#8221;4.21.0&#8243; _module_preset=&#8221;default&#8221; animation_style=&#8221;slide&#8221; animation_direction=&#8221;left&#8221; global_colors_info=&#8221;{}&#8221;][et_pb_blurb title=&#8221;Manage projects&#8221; use_icon=&#8221;on&#8221; font_icon=&#8221;&#x4e;||divi||400&#8243; icon_color=&#8221;#FFFFFF&#8221; image_icon_background_color=&#8221;#E02B20&#8243; image_icon_width=&#8221;20px&#8221; _builder_version=&#8221;4.27.6&#8243; _module_preset=&#8221;c36ff2f8-eb66-41a8-ad08-3d3ad963a351&#8243; header_font=&#8221;ARK-font|500|||||||&#8221; header_text_align=&#8221;left&#8221; header_text_color=&#8221;#000000&#8243; header_font_size=&#8221;17px&#8221; custom_margin=&#8221;||16px||false|false&#8221; locked=&#8221;off&#8221; global_colors_info=&#8221;{}&#8221;][\/et_pb_blurb][et_pb_blurb title=&#8221; Improve processes and procedures&#8221; use_icon=&#8221;on&#8221; font_icon=&#8221;&#x4e;||divi||400&#8243; icon_color=&#8221;#FFFFFF&#8221; image_icon_background_color=&#8221;#E02B20&#8243; image_icon_width=&#8221;20px&#8221; _builder_version=&#8221;4.21.0&#8243; _module_preset=&#8221;c36ff2f8-eb66-41a8-ad08-3d3ad963a351&#8243; header_font=&#8221;ARK-font|500|||||||&#8221; header_text_align=&#8221;left&#8221; header_text_color=&#8221;#000000&#8243; header_font_size=&#8221;17px&#8221; custom_margin=&#8221;||16px||false|false&#8221; locked=&#8221;off&#8221; global_colors_info=&#8221;{}&#8221;][\/et_pb_blurb][et_pb_blurb title=&#8221; Decrease costs and increase income&#8221; use_icon=&#8221;on&#8221; font_icon=&#8221;&#x4e;||divi||400&#8243; icon_color=&#8221;#FFFFFF&#8221; image_icon_background_color=&#8221;#E02B20&#8243; image_icon_width=&#8221;20px&#8221; _builder_version=&#8221;4.21.0&#8243; _module_preset=&#8221;c36ff2f8-eb66-41a8-ad08-3d3ad963a351&#8243; header_font=&#8221;ARK-font|500|||||||&#8221; header_text_align=&#8221;left&#8221; header_text_color=&#8221;#000000&#8243; header_font_size=&#8221;17px&#8221; custom_margin=&#8221;||16px||false|false&#8221; locked=&#8221;off&#8221; global_colors_info=&#8221;{}&#8221;][\/et_pb_blurb][\/et_pb_column][et_pb_column type=&#8221;1_2&#8243; _builder_version=&#8221;4.21.0&#8243; _module_preset=&#8221;default&#8221; animation_style=&#8221;slide&#8221; animation_direction=&#8221;right&#8221; global_colors_info=&#8221;{}&#8221;][et_pb_blurb title=&#8221;Resolve complex technical problems referring to telecommunication and power engineering&#8221; use_icon=&#8221;on&#8221; font_icon=&#8221;&#x4e;||divi||400&#8243; icon_color=&#8221;#FFFFFF&#8221; image_icon_background_color=&#8221;#E02B20&#8243; image_icon_width=&#8221;20px&#8221; _builder_version=&#8221;4.21.0&#8243; _module_preset=&#8221;c36ff2f8-eb66-41a8-ad08-3d3ad963a351&#8243; header_font=&#8221;ARK-font|500|||||||&#8221; header_text_align=&#8221;left&#8221; header_text_color=&#8221;#000000&#8243; header_font_size=&#8221;17px&#8221; custom_margin=&#8221;||16px||false|false&#8221; locked=&#8221;off&#8221; global_colors_info=&#8221;{}&#8221;][\/et_pb_blurb][et_pb_blurb title=&#8221;Conduct consulting over the execution of the works&#8221; use_icon=&#8221;on&#8221; font_icon=&#8221;&#x4e;||divi||400&#8243; icon_color=&#8221;#FFFFFF&#8221; image_icon_background_color=&#8221;#E02B20&#8243; image_icon_width=&#8221;20px&#8221; _builder_version=&#8221;4.21.0&#8243; _module_preset=&#8221;c36ff2f8-eb66-41a8-ad08-3d3ad963a351&#8243; header_font=&#8221;ARK-font|500|||||||&#8221; header_text_align=&#8221;left&#8221; header_text_color=&#8221;#000000&#8243; header_font_size=&#8221;17px&#8221; custom_margin=&#8221;||16px||false|false&#8221; locked=&#8221;off&#8221; global_colors_info=&#8221;{}&#8221;][\/et_pb_blurb][et_pb_blurb title=&#8221;Appoint a responsible contractor or designer&#8221; use_icon=&#8221;on&#8221; font_icon=&#8221;&#x4e;||divi||400&#8243; icon_color=&#8221;#FFFFFF&#8221; image_icon_background_color=&#8221;#E02B20&#8243; image_icon_width=&#8221;20px&#8221; _builder_version=&#8221;4.21.0&#8243; _module_preset=&#8221;c36ff2f8-eb66-41a8-ad08-3d3ad963a351&#8243; header_font=&#8221;ARK-font|500|||||||&#8221; header_text_align=&#8221;left&#8221; header_text_color=&#8221;#000000&#8243; header_font_size=&#8221;17px&#8221; custom_margin=&#8221;||16px||false|false&#8221; locked=&#8221;off&#8221; global_colors_info=&#8221;{}&#8221;][\/et_pb_blurb][\/et_pb_column][\/et_pb_row][\/et_pb_section]<\/p>","protected":false},"excerpt":{"rendered":"<p>ARK &#8211; Nordic Consulting services We are hereby ready to share with you multiple years of experience we possess in the implementation of telecommunication and power engineering. Not one company possesses the required knowledge and experience for a constant growth and execution of demanding projects, and there is always some room for cooperation. We have [&hellip;]<\/p>","protected":false},"author":1,"featured_media":0,"parent":0,"menu_order":0,"comment_status":"closed","ping_status":"closed","template":"","meta":{"_et_pb_use_builder":"on","_et_pb_old_content":"","_et_gb_content_width":"","inline_featured_image":false,"footnotes":""},"class_list":["post-280","page","type-page","status-publish","hentry"],"_links":{"self":[{"href":"https:\/\/ark-nordic.com\/no\/wp-json\/wp\/v2\/pages\/280","targetHints":{"allow":["GET"]}}],"collection":[{"href":"https:\/\/ark-nordic.com\/no\/wp-json\/wp\/v2\/pages"}],"about":[{"href":"https:\/\/ark-nordic.com\/no\/wp-json\/wp\/v2\/types\/page"}],"author":[{"embeddable":true,"href":"https:\/\/ark-nordic.com\/no\/wp-json\/wp\/v2\/users\/1"}],"replies":[{"embeddable":true,"href":"https:\/\/ark-nordic.com\/no\/wp-json\/wp\/v2\/comments?post=280"}],"version-history":[{"count":15,"href":"https:\/\/ark-nordic.com\/no\/wp-json\/wp\/v2\/pages\/280\/revisions"}],"predecessor-version":[{"id":1820,"href":"https:\/\/ark-nordic.com\/no\/wp-json\/wp\/v2\/pages\/280\/revisions\/1820"}],"wp:attachment":[{"href":"https:\/\/ark-nordic.com\/no\/wp-json\/wp\/v2\/media?parent=280"}],"curies":[{"name":"wp","href":"https:\/\/api.w.org\/{rel}","templated":true}]}}